{"id":177,"date":"2019-09-27T15:37:11","date_gmt":"2019-09-27T13:37:11","guid":{"rendered":"https:\/\/praxis-seevetal.de\/?page_id=177"},"modified":"2020-10-19T12:52:29","modified_gmt":"2020-10-19T10:52:29","slug":"impressum-2","status":"publish","type":"page","link":"https:\/\/praxis-seevetal.de\/?page_id=177","title":{"rendered":"Impressum"},"content":{"rendered":"\r\n<p>Oksana Massold<\/p>\r\n\r\n\r\n\r\n<p>Fleestedter Ring 3<br \/>21217 Seevetal-Fleestedt<br \/>Tel. 04105 &#8211; 1 24 15<br \/>Fax. 04105 &#8211; 1 24 16<br \/>Email: info@praxis-seevetal.de<br \/><br \/><\/p>\r\n\r\n\r\n\r\n<p><strong>Zust\u00e4ndige Aufsichtsbeh\u00f6rde:<br \/><\/strong>Kassen\u00e4rztliche Vereinigung Niedersachsen, Berliner Allee 20, 30175 Hannover<br \/><br \/><\/p>\r\n\r\n\r\n\r\n<p><strong>Zust\u00e4ndige Kammer:<br \/><\/strong>\u00c4rztekammer Niedersachsen, Berliner Allee 20, 30175 Hannover<br \/><br \/><\/p>\r\n\r\n\r\n\r\n<p><strong>Berufsbezeichnungen:<br \/><\/strong>Arzt (verliehen in der Bundesrepublik Deutschland)<\/p>\r\n\r\n<p>&nbsp;<\/p>","protected":false},"excerpt":{"rendered":"<p>Oksana Massold Fleestedter Ring 321217 Seevetal-FleestedtTel. 04105 &#8211; 1 24 15Fax. 04105 &#8211; 1 24 16Email: info@praxis-seevetal.de Zust\u00e4ndige Aufsichtsbeh\u00f6rde:Kassen\u00e4rztliche Vereinigung Niedersachsen, Berliner Allee 20, 30175 Hannover Zust\u00e4ndige Kammer:\u00c4rztekammer Niedersachsen, Berliner Allee 20, 30175 Hannover Berufsbezeichnungen:Arzt (verliehen in der Bundesrepublik Deutschland) &nbsp;<\/p>\n","protected":false},"author":1,"featured_media":0,"parent":0,"menu_order":0,"comment_status":"closed","ping_status":"closed","template":"","meta":[],"_links":{"self":[{"href":"https:\/\/praxis-seevetal.de\/index.php?rest_route=\/wp\/v2\/pages\/177"}],"collection":[{"href":"https:\/\/praxis-seevetal.de\/index.php?rest_route=\/wp\/v2\/pages"}],"about":[{"href":"https:\/\/praxis-seevetal.de\/index.php?rest_route=\/wp\/v2\/types\/page"}],"author":[{"embeddable":true,"href":"https:\/\/praxis-seevetal.de\/index.php?rest_route=\/wp\/v2\/users\/1"}],"replies":[{"embeddable":true,"href":"https:\/\/praxis-seevetal.de\/index.php?rest_route=%2Fwp%2Fv2%2Fcomments&post=177"}],"version-history":[{"count":10,"href":"https:\/\/praxis-seevetal.de\/index.php?rest_route=\/wp\/v2\/pages\/177\/revisions"}],"predecessor-version":[{"id":562,"href":"https:\/\/praxis-seevetal.de\/index.php?rest_route=\/wp\/v2\/pages\/177\/revisions\/562"}],"wp:attachment":[{"href":"https:\/\/praxis-seevetal.de\/index.php?rest_route=%2Fwp%2Fv2%2Fmedia&parent=177"}],"curies":[{"name":"wp","href":"https:\/\/api.w.org\/{rel}","templated":true}]}}